{"id":19,"date":"2019-11-10T13:49:13","date_gmt":"2019-11-10T12:49:13","guid":{"rendered":"https:\/\/billib-getraenke.de\/?page_id=19"},"modified":"2020-10-11T15:35:26","modified_gmt":"2020-10-11T14:35:26","slug":"parkplaetze-vor-der-tuer","status":"publish","type":"page","link":"https:\/\/billib-getraenke.de\/?page_id=19","title":{"rendered":"Parkpl\u00e4tze vor der T\u00fcr"},"content":{"rendered":"\n<p>F\u00fcr unsere Kunden sind gen\u00fcgend Parkm\u00f6glichkeiten vorhanden.                                                           <\/p>\n\n\n\n<p><\/p>\n\n\n\n<p class=\"has-text-align-center\"><\/p>\n\n\n\n<p><\/p>\n","protected":false},"excerpt":{"rendered":"<p>F\u00fcr unsere Kunden sind gen\u00fcgend Parkm\u00f6glichkeiten vorhanden.<\/p>\n","protected":false},"author":2,"featured_media":0,"parent":12,"menu_order":2,"comment_status":"closed","ping_status":"closed","template":"","meta":{"footnotes":""},"_links":{"self":[{"href":"https:\/\/billib-getraenke.de\/index.php?rest_route=\/wp\/v2\/pages\/19"}],"collection":[{"href":"https:\/\/billib-getraenke.de\/index.php?rest_route=\/wp\/v2\/pages"}],"about":[{"href":"https:\/\/billib-getraenke.de\/index.php?rest_route=\/wp\/v2\/types\/page"}],"author":[{"embeddable":true,"href":"https:\/\/billib-getraenke.de\/index.php?rest_route=\/wp\/v2\/users\/2"}],"replies":[{"embeddable":true,"href":"https:\/\/billib-getraenke.de\/index.php?rest_route=%2Fwp%2Fv2%2Fcomments&post=19"}],"version-history":[{"count":8,"href":"https:\/\/billib-getraenke.de\/index.php?rest_route=\/wp\/v2\/pages\/19\/revisions"}],"predecessor-version":[{"id":185,"href":"https:\/\/billib-getraenke.de\/index.php?rest_route=\/wp\/v2\/pages\/19\/revisions\/185"}],"up":[{"embeddable":true,"href":"https:\/\/billib-getraenke.de\/index.php?rest_route=\/wp\/v2\/pages\/12"}],"wp:attachment":[{"href":"https:\/\/billib-getraenke.de\/index.php?rest_route=%2Fwp%2Fv2%2Fmedia&parent=19"}],"curies":[{"name":"wp","href":"https:\/\/api.w.org\/{rel}","templated":true}]}}