{"id":23,"date":"2019-11-10T13:49:59","date_gmt":"2019-11-10T12:49:59","guid":{"rendered":"https:\/\/billib-getraenke.de\/?page_id=23"},"modified":"2020-10-11T15:34:13","modified_gmt":"2020-10-11T14:34:13","slug":"heimdienstlieferungen","status":"publish","type":"page","link":"https:\/\/billib-getraenke.de\/?page_id=23","title":{"rendered":"Heimservice"},"content":{"rendered":"\n<p><strong>Gerne liefern wir Ihnen die Getr\u00e4nke nach Hause<\/strong>.<\/p>\n\n\n\n<p><strong>Mittwochs ist Heimserviceauslieferungstag<\/strong>, eine Bestellung daf\u00fcr muss bis sp\u00e4testens Dienstag vorliegen.<\/p>\n\n\n\n<p><\/p>\n\n\n\n<p class=\"has-text-align-center\"><strong><em>Bestellen Sie per Telefon, Fax oder E-Mail<\/em><\/strong><br>Die Auslieferung erfolgt nach Absprache.<br>Wir beliefern Betriebe, B\u00fcros, Einzelhandel, Gastronomie, Praxen, Private Haushalte, Veranstaltungen und Feiern, Vereine und vieles mehr.<br>Eine Getr\u00e4nkelieferung auf Kommission ist ebenfalls zu unseren Lieferbedingungen m\u00f6glich. F\u00fcr genaue Details sprechen Sie uns bitte an (Kontakt)<\/p>\n\n\n\n<p><\/p>\n","protected":false},"excerpt":{"rendered":"<p>Gerne liefern wir Ihnen die Getr\u00e4nke nach Hause. Mittwochs ist Heimserviceauslieferungstag, eine Bestellung daf\u00fcr muss bis sp\u00e4testens Dienstag vorliegen. Bestellen Sie per Telefon, Fax oder E-MailDie Auslieferung erfolgt nach Absprache.Wir beliefern Betriebe, B\u00fcros, Einzelhandel, Gastronomie, Praxen, Private Haushalte, Veranstaltungen und &#8230; <a class=\"more-link\" href=\"https:\/\/billib-getraenke.de\/?page_id=23\">Read More &raquo;<\/a><\/p>\n","protected":false},"author":2,"featured_media":0,"parent":12,"menu_order":4,"comment_status":"closed","ping_status":"closed","template":"","meta":{"footnotes":""},"_links":{"self":[{"href":"https:\/\/billib-getraenke.de\/index.php?rest_route=\/wp\/v2\/pages\/23"}],"collection":[{"href":"https:\/\/billib-getraenke.de\/index.php?rest_route=\/wp\/v2\/pages"}],"about":[{"href":"https:\/\/billib-getraenke.de\/index.php?rest_route=\/wp\/v2\/types\/page"}],"author":[{"embeddable":true,"href":"https:\/\/billib-getraenke.de\/index.php?rest_route=\/wp\/v2\/users\/2"}],"replies":[{"embeddable":true,"href":"https:\/\/billib-getraenke.de\/index.php?rest_route=%2Fwp%2Fv2%2Fcomments&post=23"}],"version-history":[{"count":8,"href":"https:\/\/billib-getraenke.de\/index.php?rest_route=\/wp\/v2\/pages\/23\/revisions"}],"predecessor-version":[{"id":184,"href":"https:\/\/billib-getraenke.de\/index.php?rest_route=\/wp\/v2\/pages\/23\/revisions\/184"}],"up":[{"embeddable":true,"href":"https:\/\/billib-getraenke.de\/index.php?rest_route=\/wp\/v2\/pages\/12"}],"wp:attachment":[{"href":"https:\/\/billib-getraenke.de\/index.php?rest_route=%2Fwp%2Fv2%2Fmedia&parent=23"}],"curies":[{"name":"wp","href":"https:\/\/api.w.org\/{rel}","templated":true}]}}