{"id":25,"date":"2019-11-10T13:50:27","date_gmt":"2019-11-10T12:50:27","guid":{"rendered":"https:\/\/billib-getraenke.de\/?page_id=25"},"modified":"2020-10-11T15:12:40","modified_gmt":"2020-10-11T14:12:40","slug":"leihmaterial-und-zubehoer","status":"publish","type":"page","link":"https:\/\/billib-getraenke.de\/?page_id=25","title":{"rendered":"Leihmaterial und Zubeh\u00f6r"},"content":{"rendered":"\n<div class=\"wp-block-columns is-layout-flex wp-container-core-columns-layout-1 wp-block-columns-is-layout-flex\">\n<div class=\"wp-block-column is-layout-flow wp-block-column-is-layout-flow\">\n<p><strong>Wir verleihen&#8230;.<\/strong><br>Ausschankwagen<br>Bierzeltgarnituren<br>Gl\u00e4ser (Bier, Sekt, Weizen)  K\u00fchlwagen<br>Stehtische und Hussen<br>Theke und Sp\u00fcle<br>Zapfanlage 1- und 2-leitig<br><\/p>\n<\/div>\n\n\n\n<div class=\"wp-block-column is-layout-flow wp-block-column-is-layout-flow\">\n<p><strong>Planen Sie eine gr\u00f6\u00dferer Feier? <\/strong>Dann sprechen Sie uns an<strong>.        Wir unterbreiten Ihnen gerne ein individuelles Angebot.<\/strong><\/p>\n\n\n\n<p><\/p>\n<\/div>\n\n\n\n<div class=\"wp-block-column is-layout-flow wp-block-column-is-layout-flow\"><\/div>\n<\/div>\n\n\n\n<p><\/p>\n\n\n\n<p class=\"has-text-align-center\"><strong><em>Bestellen Sie per Telefon, Fax oder E-Mail<\/em><\/strong><br>Die Auslieferung erfolgt nach Absprache.<br>Wir beliefern Betriebe, B\u00fcros, Einzelhandel, Gastronomie, Praxen, Private Haushalte, Veranstaltungen und Feiern, Vereine und vieles mehr.<br>Eine Getr\u00e4nkelieferung auf Kommission ist ebenfalls zu unseren Lieferbedingungen m\u00f6glich.<br>F\u00fcr genaue Details sprechen Sie uns bitte an (Kontakt)<\/p>\n","protected":false},"excerpt":{"rendered":"<p>Wir verleihen&#8230;.AusschankwagenBierzeltgarniturenGl\u00e4ser (Bier, Sekt, Weizen) K\u00fchlwagenStehtische und HussenTheke und Sp\u00fcleZapfanlage 1- und 2-leitig Planen Sie eine gr\u00f6\u00dferer Feier? Dann sprechen Sie uns an. Wir unterbreiten Ihnen gerne ein individuelles Angebot. Bestellen Sie per Telefon, Fax oder E-MailDie Auslieferung erfolgt nach &#8230; <a class=\"more-link\" href=\"https:\/\/billib-getraenke.de\/?page_id=25\">Read More &raquo;<\/a><\/p>\n","protected":false},"author":2,"featured_media":0,"parent":0,"menu_order":0,"comment_status":"closed","ping_status":"closed","template":"","meta":{"footnotes":""},"_links":{"self":[{"href":"https:\/\/billib-getraenke.de\/index.php?rest_route=\/wp\/v2\/pages\/25"}],"collection":[{"href":"https:\/\/billib-getraenke.de\/index.php?rest_route=\/wp\/v2\/pages"}],"about":[{"href":"https:\/\/billib-getraenke.de\/index.php?rest_route=\/wp\/v2\/types\/page"}],"author":[{"embeddable":true,"href":"https:\/\/billib-getraenke.de\/index.php?rest_route=\/wp\/v2\/users\/2"}],"replies":[{"embeddable":true,"href":"https:\/\/billib-getraenke.de\/index.php?rest_route=%2Fwp%2Fv2%2Fcomments&post=25"}],"version-history":[{"count":12,"href":"https:\/\/billib-getraenke.de\/index.php?rest_route=\/wp\/v2\/pages\/25\/revisions"}],"predecessor-version":[{"id":177,"href":"https:\/\/billib-getraenke.de\/index.php?rest_route=\/wp\/v2\/pages\/25\/revisions\/177"}],"wp:attachment":[{"href":"https:\/\/billib-getraenke.de\/index.php?rest_route=%2Fwp%2Fv2%2Fmedia&parent=25"}],"curies":[{"name":"wp","href":"https:\/\/api.w.org\/{rel}","templated":true}]}}