{"id":28,"date":"2019-11-10T13:50:46","date_gmt":"2019-11-10T12:50:46","guid":{"rendered":"https:\/\/billib-getraenke.de\/?page_id=28"},"modified":"2021-01-29T17:45:07","modified_gmt":"2021-01-29T16:45:07","slug":"sortiment","status":"publish","type":"page","link":"https:\/\/billib-getraenke.de\/?page_id=28","title":{"rendered":"Sortiment"},"content":{"rendered":"\n<p><strong>In unserem reichhaltigen Sortiment finden Sie unter anderem:<\/strong><\/p>\n\n\n\n<div class=\"wp-block-columns is-layout-flex wp-container-core-columns-layout-1 wp-block-columns-is-layout-flex\">\n<div class=\"wp-block-column is-layout-flow wp-block-column-is-layout-flow\">\n<p><strong>Mineralwasser:<\/strong><br>Apollinaris<br>Aquastar<br>Azur<br>Bad Vilbeler<br>Elisabethen<br>F\u00f6rstina<br>Gerolsteiner<br>Heppinger<br>Orion<br>Rh\u00f6n<br>Romanis<br>Rosbacher<br>Terra<br>Volvic<\/p>\n<\/div>\n\n\n\n<div class=\"wp-block-column is-layout-flow wp-block-column-is-layout-flow\">\n<p><strong>S\u00e4fte\/Limonaden<\/strong>:<br>Bizzl versch. Sorten<br>Coca Cola, Fanta, Sprite<br>F\u00f6rstina<br>Gerolsteiner<br>Hassia<br>M\u00fcller<br>Original Spezi<br>Pepsi Cola<br>Possmann<br>Rapp&#8217;s S\u00e4fte<br>Rosbacher<br>Schweppes<br>Terra<br>Volvic<br><\/p>\n<\/div>\n\n\n\n<div class=\"wp-block-column is-layout-flow wp-block-column-is-layout-flow\">\n<p><strong>Biere:<\/strong><br>Becks<br>Benediktiner<br>Bosch versch. Sorten                 (nur auf Bestellung)<br>Diebels Alt<br>Flensburger<br>Jever<br>K\u00f6nigspilsener<br>K\u00f6stritzer<br>Krombacher versch. Sorten<br>Licher versch. Sorten<br>\u00d6ttinger<br>Veltins<br>Vitamalz<\/p>\n<\/div>\n<\/div>\n\n\n\n<div class=\"wp-block-columns is-layout-flex wp-container-core-columns-layout-3 wp-block-columns-is-layout-flex\">\n<div class=\"wp-block-column is-layout-flow wp-block-column-is-layout-flow\">\n<div class=\"wp-block-group\"><div class=\"wp-block-group__inner-container is-layout-flow wp-block-group-is-layout-flow\">\n<div class=\"wp-block-columns is-layout-flex wp-container-core-columns-layout-2 wp-block-columns-is-layout-flex\">\n<div class=\"wp-block-column is-layout-flow wp-block-column-is-layout-flow\" style=\"flex-basis:100%\">\n<p><strong>Spezialit\u00e4ten:<\/strong><br>Augustiner<br>Bio Bier (nur auf Bestellung)<br>Erdinger<br>Erdinger alkoholfrei      <br>Franzsikaner Hefe        Franziskaner alkoholfrei      Maisels (nur auf Bestellung) M\u00f6nchshof Original        M\u00f6nchshof Kellerbier               (nur auf Bestellung)<br>Paulaner<br>Paulaner alkoholfrei                                                                                    <br>Tegernseer (nur auf Bestellung)  <br>Z\u00f6tler Bayrisch Hell<br>Z\u00f6tler naturtr\u00fcbes Radler          Z\u00f6tler naturtr\u00fcbes Radler alkohofrei<br>Z\u00f6tler Weizen (nur auf<br>Bestellung)<br>Z\u00f6tler Weizen alkoholfrei (nur auf Bestellung)<\/p>\n\n\n\n<p>                                                                                                                                               <\/p>\n\n\n\n<p><\/p>\n<\/div>\n<\/div>\n<\/div><\/div>\n\n\n\n<p><\/p>\n\n\n\n<p><\/p>\n<\/div>\n\n\n\n<div class=\"wp-block-column is-layout-flow wp-block-column-is-layout-flow\">\n<p><br>        <\/p>\n<\/div>\n\n\n\n<div class=\"wp-block-column is-layout-flow wp-block-column-is-layout-flow\">\n<p><strong>Apfelweine:<\/strong><br>M\u00fcller<br>Possmann<\/p>\n<\/div>\n<\/div>\n\n\n\n<p class=\"has-text-align-center\"><strong><em>Bestellen Sie per Telefon, Fax oder E-Mail<\/em><\/strong><br>Die Auslieferung erfolgt nach Absprache. <br>Wir beliefern Betriebe, B\u00fcros, Einzelhandel, Gastronomie, Praxen, Private Haushalte, Veranstaltungen und Feiern, Vereine und vieles mehr.<br>Eine Getr\u00e4nkelieferung auf Kommission ist ebenfalls zu unseren Lieferbedingungen m\u00f6glich.                                                                         F\u00fcr genaue Details sprechen Sie uns bitte an (Kontakt)<\/p>\n","protected":false},"excerpt":{"rendered":"<p>In unserem reichhaltigen Sortiment finden Sie unter anderem: Mineralwasser:ApollinarisAquastarAzurBad VilbelerElisabethenF\u00f6rstinaGerolsteinerHeppingerOrionRh\u00f6nRomanisRosbacherTerraVolvic S\u00e4fte\/Limonaden:Bizzl versch. SortenCoca Cola, Fanta, SpriteF\u00f6rstinaGerolsteinerHassiaM\u00fcllerOriginal SpeziPepsi ColaPossmannRapp&#8217;s S\u00e4fteRosbacherSchweppesTerraVolvic Biere:BecksBenediktinerBosch versch. Sorten (nur auf Bestellung)Diebels AltFlensburgerJeverK\u00f6nigspilsenerK\u00f6stritzerKrombacher versch. SortenLicher versch. Sorten\u00d6ttingerVeltinsVitamalz Spezialit\u00e4ten:AugustinerBio Bier (nur auf Bestellung)ErdingerErdinger alkoholfrei Franzsikaner Hefe Franziskaner alkoholfrei &#8230; <a class=\"more-link\" href=\"https:\/\/billib-getraenke.de\/?page_id=28\">Read More &raquo;<\/a><\/p>\n","protected":false},"author":2,"featured_media":0,"parent":0,"menu_order":0,"comment_status":"closed","ping_status":"closed","template":"","meta":{"footnotes":""},"_links":{"self":[{"href":"https:\/\/billib-getraenke.de\/index.php?rest_route=\/wp\/v2\/pages\/28"}],"collection":[{"href":"https:\/\/billib-getraenke.de\/index.php?rest_route=\/wp\/v2\/pages"}],"about":[{"href":"https:\/\/billib-getraenke.de\/index.php?rest_route=\/wp\/v2\/types\/page"}],"author":[{"embeddable":true,"href":"https:\/\/billib-getraenke.de\/index.php?rest_route=\/wp\/v2\/users\/2"}],"replies":[{"embeddable":true,"href":"https:\/\/billib-getraenke.de\/index.php?rest_route=%2Fwp%2Fv2%2Fcomments&post=28"}],"version-history":[{"count":31,"href":"https:\/\/billib-getraenke.de\/index.php?rest_route=\/wp\/v2\/pages\/28\/revisions"}],"predecessor-version":[{"id":219,"href":"https:\/\/billib-getraenke.de\/index.php?rest_route=\/wp\/v2\/pages\/28\/revisions\/219"}],"wp:attachment":[{"href":"https:\/\/billib-getraenke.de\/index.php?rest_route=%2Fwp%2Fv2%2Fmedia&parent=28"}],"curies":[{"name":"wp","href":"https:\/\/api.w.org\/{rel}","templated":true}]}}