{"id":31,"date":"2019-11-10T13:51:08","date_gmt":"2019-11-10T12:51:08","guid":{"rendered":"https:\/\/billib-getraenke.de\/?page_id=31"},"modified":"2020-09-07T13:26:32","modified_gmt":"2020-09-07T12:26:32","slug":"kontakt-und-impressum","status":"publish","type":"page","link":"https:\/\/billib-getraenke.de\/?page_id=31","title":{"rendered":"Kontakt und Impressum"},"content":{"rendered":"\n<p><strong>Billib Getr\u00e4nke<br>Getr\u00e4nkefachgro\u00dfhandlung<\/strong><br><strong>Inh. Frank Billib<br>Subachstra\u00dfe 17<br>35075 Gladenbach Mornshausen<br><br>Tel.: 06462 &#8211; 6066<br>Fax: 06462 &#8211; 7371<br>E-Mail: <a href=\"mailto:info@billib-getraenke.de\">info@billib-getraenke.de<\/a><\/strong><\/p>\n\n\n\n<p><\/p>\n","protected":false},"excerpt":{"rendered":"<p>Billib Getr\u00e4nkeGetr\u00e4nkefachgro\u00dfhandlungInh. Frank BillibSubachstra\u00dfe 1735075 Gladenbach Mornshausen Tel.: 06462 &#8211; 6066Fax: 06462 &#8211; 7371E-Mail: info@billib-getraenke.de<\/p>\n","protected":false},"author":2,"featured_media":0,"parent":0,"menu_order":0,"comment_status":"closed","ping_status":"closed","template":"","meta":{"footnotes":""},"_links":{"self":[{"href":"https:\/\/billib-getraenke.de\/index.php?rest_route=\/wp\/v2\/pages\/31"}],"collection":[{"href":"https:\/\/billib-getraenke.de\/index.php?rest_route=\/wp\/v2\/pages"}],"about":[{"href":"https:\/\/billib-getraenke.de\/index.php?rest_route=\/wp\/v2\/types\/page"}],"author":[{"embeddable":true,"href":"https:\/\/billib-getraenke.de\/index.php?rest_route=\/wp\/v2\/users\/2"}],"replies":[{"embeddable":true,"href":"https:\/\/billib-getraenke.de\/index.php?rest_route=%2Fwp%2Fv2%2Fcomments&post=31"}],"version-history":[{"count":8,"href":"https:\/\/billib-getraenke.de\/index.php?rest_route=\/wp\/v2\/pages\/31\/revisions"}],"predecessor-version":[{"id":161,"href":"https:\/\/billib-getraenke.de\/index.php?rest_route=\/wp\/v2\/pages\/31\/revisions\/161"}],"wp:attachment":[{"href":"https:\/\/billib-getraenke.de\/index.php?rest_route=%2Fwp%2Fv2%2Fmedia&parent=31"}],"curies":[{"name":"wp","href":"https:\/\/api.w.org\/{rel}","templated":true}]}}