{"id":45,"date":"2019-11-10T14:02:40","date_gmt":"2019-11-10T13:02:40","guid":{"rendered":"https:\/\/billib-getraenke.de\/?page_id=45"},"modified":"2021-06-05T11:40:16","modified_gmt":"2021-06-05T10:40:16","slug":"ueber-uns","status":"publish","type":"page","link":"https:\/\/billib-getraenke.de\/?page_id=45","title":{"rendered":"\u00dcber uns"},"content":{"rendered":"\n<p><strong>Herzlich Willkommen <\/strong><\/p>\n\n\n\n<p>bei <strong>Billib-Getr\u00e4nke<\/strong>, dem Getr\u00e4nkelieferant Ihres Vertrauens.<\/p>\n\n\n\n<p><strong>Ihr Durst ist unser Job<\/strong>&#8230;.  <\/p>\n\n\n\n<p>Ob K\u00fchlwagen, Zapfanlage, Theke, Sp\u00fcle, Stehtische mit\/ohne Hussen, Gl\u00e4ser&#8230;.<\/p>\n\n\n\n<p>Wir haben alles f\u00fcr Sie da.<\/p>\n\n\n\n<p>Fragen Sie uns per Telefon, per E-Mail oder kommen Sie gerne pers\u00f6nlich vorbei.<\/p>\n\n\n\n<p><strong>Unsere \u00d6ffnungszeiten:<\/strong><\/p>\n\n\n\n<p>Montag:&nbsp; &nbsp; &nbsp; &nbsp; &nbsp; 13.00 Uhr bis 18.00 Uhr<\/p>\n\n\n\n<p>Dienstag:&nbsp; &nbsp; &nbsp; &nbsp; 14.00 Uhr bis 18.00 Uhr<\/p>\n\n\n\n<p>Mittwoch:&nbsp; &nbsp; &nbsp; &nbsp;geschlossen, nur Auslieferung<\/p>\n\n\n\n<p>Donnerstag:&nbsp; &nbsp;09.00 Uhr bis 18.00 Uhr<\/p>\n\n\n\n<p>Freitag:&nbsp; &nbsp; &nbsp; &nbsp; &nbsp; &nbsp;12.00 Uhr bis 18.00 Uhr<\/p>\n\n\n\n<p>Samstag:&nbsp; &nbsp; &nbsp; &nbsp; 09.00 Uhr bis 13.00 Uhr<\/p>\n\n\n\n<p class=\"has-text-align-center\"><strong><em>Bestellen Sie per Telefon, Fax oder E-Mail<\/em><\/strong><br>Die Auslieferung erfolgt nach Absprache.<br>Wir beliefern Betriebe, B\u00fcros, Einzelhandel, Gastronomie, Praxen, Private Haushalte, Veranstaltungen und Feiern, Vereine und vieles mehr.<br>Eine Getr\u00e4nkelieferung auf Kommission ist ebenfalls zu unseren Lieferbedingungen m\u00f6glich.<br>F\u00fcr genaue Details sprechen Sie uns bitte an (Kontakt)<\/p>\n\n\n\n<h2 class=\"wp-block-heading\"><\/h2>\n","protected":false},"excerpt":{"rendered":"<p>Herzlich Willkommen bei Billib-Getr\u00e4nke, dem Getr\u00e4nkelieferant Ihres Vertrauens. Ihr Durst ist unser Job&#8230;. Ob K\u00fchlwagen, Zapfanlage, Theke, Sp\u00fcle, Stehtische mit\/ohne Hussen, Gl\u00e4ser&#8230;. Wir haben alles f\u00fcr Sie da. Fragen Sie uns per Telefon, per E-Mail oder kommen Sie gerne pers\u00f6nlich &#8230; <a class=\"more-link\" href=\"https:\/\/billib-getraenke.de\/?page_id=45\">Read More &raquo;<\/a><\/p>\n","protected":false},"author":3,"featured_media":0,"parent":0,"menu_order":0,"comment_status":"closed","ping_status":"closed","template":"","meta":{"footnotes":""},"_links":{"self":[{"href":"https:\/\/billib-getraenke.de\/index.php?rest_route=\/wp\/v2\/pages\/45"}],"collection":[{"href":"https:\/\/billib-getraenke.de\/index.php?rest_route=\/wp\/v2\/pages"}],"about":[{"href":"https:\/\/billib-getraenke.de\/index.php?rest_route=\/wp\/v2\/types\/page"}],"author":[{"embeddable":true,"href":"https:\/\/billib-getraenke.de\/index.php?rest_route=\/wp\/v2\/users\/3"}],"replies":[{"embeddable":true,"href":"https:\/\/billib-getraenke.de\/index.php?rest_route=%2Fwp%2Fv2%2Fcomments&post=45"}],"version-history":[{"count":15,"href":"https:\/\/billib-getraenke.de\/index.php?rest_route=\/wp\/v2\/pages\/45\/revisions"}],"predecessor-version":[{"id":228,"href":"https:\/\/billib-getraenke.de\/index.php?rest_route=\/wp\/v2\/pages\/45\/revisions\/228"}],"wp:attachment":[{"href":"https:\/\/billib-getraenke.de\/index.php?rest_route=%2Fwp%2Fv2%2Fmedia&parent=45"}],"curies":[{"name":"wp","href":"https:\/\/api.w.org\/{rel}","templated":true}]}}